{"id":16,"date":"2026-03-24T07:02:50","date_gmt":"2026-03-24T07:02:50","guid":{"rendered":"https:\/\/armaniplombierparis16.com\/?page_id=16"},"modified":"2026-03-24T11:18:14","modified_gmt":"2026-03-24T11:18:14","slug":"artisan-plombier-paris-16","status":"publish","type":"page","link":"https:\/\/armaniplombierparis16.com\/index.php\/artisan-plombier-paris-16\/","title":{"rendered":"Artisan plombier Paris 16"},"content":{"rendered":"\n<p><strong>M. Armani Plombier Paris 16<\/strong> est un <strong>artisan plombier Paris 16<\/strong> sp\u00e9cialis\u00e9 en d\u00e9pannage plomberie dans tout le <strong>75016<\/strong>. Si vous recherchez un <strong>artisan plombier Paris 16<\/strong> fiable, exp\u00e9riment\u00e9 et disponible 24h\/24, <strong>M. Armani Plombier Paris 16<\/strong> intervient rapidement pour tous vos besoins en plomberie dans tout <strong>Paris 16<\/strong>.<\/p>\n\n\n\n<figure class=\"wp-block-image size-large\"><img loading=\"lazy\" decoding=\"async\" width=\"1024\" height=\"683\" src=\"https:\/\/armaniplombierparis16.com\/wp-content\/uploads\/2026\/03\/Urgence-plombier-paris-16-1024x683.png\" alt=\"\" class=\"wp-image-48\" srcset=\"https:\/\/armaniplombierparis16.com\/wp-content\/uploads\/2026\/03\/Urgence-plombier-paris-16-1024x683.png 1024w, https:\/\/armaniplombierparis16.com\/wp-content\/uploads\/2026\/03\/Urgence-plombier-paris-16-300x200.png 300w, https:\/\/armaniplombierparis16.com\/wp-content\/uploads\/2026\/03\/Urgence-plombier-paris-16-768x512.png 768w, https:\/\/armaniplombierparis16.com\/wp-content\/uploads\/2026\/03\/Urgence-plombier-paris-16.png 1536w\" sizes=\"auto, (max-width: 1024px) 100vw, 1024px\" \/><\/figure>\n\n\n\n<p>Situ\u00e9 au <strong>17 rue de R\u00e9musat, 75016 Paris<\/strong>, <strong>M. Armani Plombier Paris 16<\/strong> se d\u00e9place dans tous les quartiers du 16e arrondissement, notamment \u00e0 Passy, Auteuil, La Muette et Porte Dauphine. Gr\u00e2ce \u00e0 une parfaite connaissance du secteur, votre <strong>artisan plombier Paris 16<\/strong> garantit des interventions rapides et efficaces dans tout le <strong>75016<\/strong>.<\/p>\n\n\n\n<p>L\u2019<strong>artisan plombier Paris 16<\/strong> intervient pour tous types de prestations : d\u00e9pannage plomberie, r\u00e9paration de fuite d\u2019eau, d\u00e9bouchage de canalisation, recherche de fuite, remplacement de chauffe-eau et installation sanitaire. Chaque intervention est r\u00e9alis\u00e9e par un <strong>artisan plombier Paris 16<\/strong> qualifi\u00e9, avec du mat\u00e9riel professionnel permettant d\u2019assurer un r\u00e9sultat durable.<\/p>\n\n\n\n<p>Faire appel \u00e0 <strong>M. Armani Plombier Paris 16<\/strong>, c\u2019est choisir un <strong>artisan plombier Paris 16<\/strong> de proximit\u00e9, disponible 24h\/24 et 7j\/7 pour intervenir rapidement dans tout <strong>Paris 16 (75016)<\/strong>. L\u2019<strong>artisan plombier Paris 16<\/strong> intervient aussi bien pour les urgences que pour les travaux programm\u00e9s.<\/p>\n\n\n\n<p>Les tarifs sont transparents pour toute intervention d\u2019<strong>artisan plombier Paris 16<\/strong>. Le d\u00e9placement est de <strong>39\u20ac HT en journ\u00e9e<\/strong> et <strong>69\u20ac HT en soir\u00e9e, week-end et jours f\u00e9ri\u00e9s<\/strong>. Pour toute demande, contactez directement <strong>M. Armani Plombier Paris 16<\/strong> au <strong>01 86 26 72 69<\/strong> ou au <strong>06 66 59 19 23<\/strong>.<\/p>\n\n\n\n<p>\ud83d\udc49 Localisation Google Maps :<br><strong><a href=\"https:\/\/maps.app.goo.gl\/umeJunLx25j55z7o7\">https:\/\/maps.app.goo.gl\/umeJunLx25j55z7o7<\/a><\/strong><\/p>\n\n\n\n<p>Pour en savoir plus sur les prestations propos\u00e9es par <strong>M. Armani Plombier Paris 16<\/strong>, consultez le site principal <strong>plombier24-7.com<\/strong> ainsi que l\u2019application <strong>plombier24-7.app<\/strong>, r\u00e9f\u00e9rence pour trouver un <strong>artisan plombier Paris 16<\/strong> disponible rapidement.<\/p>\n","protected":false},"excerpt":{"rendered":"<p>M. Armani Plombier Paris 16 est un artisan plombier Paris 16 sp\u00e9cialis\u00e9 en d\u00e9pannage plomberie dans tout le 75016. Si vous recherchez un artisan plombier Paris 16 fiable, exp\u00e9riment\u00e9 et disponible 24h\/24, M. Armani Plombier Paris 16 intervient rapidement pour tous vos besoins en plomberie dans tout Paris 16. Situ\u00e9 au 17 rue de R\u00e9musat, [&hellip;]<\/p>\n","protected":false},"author":1,"featured_media":0,"parent":0,"menu_order":0,"comment_status":"closed","ping_status":"closed","template":"","meta":{"footnotes":""},"class_list":["post-16","page","type-page","status-publish","hentry"],"_links":{"self":[{"href":"https:\/\/armaniplombierparis16.com\/index.php\/wp-json\/wp\/v2\/pages\/16","targetHints":{"allow":["GET"]}}],"collection":[{"href":"https:\/\/armaniplombierparis16.com\/index.php\/wp-json\/wp\/v2\/pages"}],"about":[{"href":"https:\/\/armaniplombierparis16.com\/index.php\/wp-json\/wp\/v2\/types\/page"}],"author":[{"embeddable":true,"href":"https:\/\/armaniplombierparis16.com\/index.php\/wp-json\/wp\/v2\/users\/1"}],"replies":[{"embeddable":true,"href":"https:\/\/armaniplombierparis16.com\/index.php\/wp-json\/wp\/v2\/comments?post=16"}],"version-history":[{"count":2,"href":"https:\/\/armaniplombierparis16.com\/index.php\/wp-json\/wp\/v2\/pages\/16\/revisions"}],"predecessor-version":[{"id":49,"href":"https:\/\/armaniplombierparis16.com\/index.php\/wp-json\/wp\/v2\/pages\/16\/revisions\/49"}],"wp:attachment":[{"href":"https:\/\/armaniplombierparis16.com\/index.php\/wp-json\/wp\/v2\/media?parent=16"}],"curies":[{"name":"wp","href":"https:\/\/api.w.org\/{rel}","templated":true}]}}